{"id":1129,"date":"2018-03-06T02:37:04","date_gmt":"2018-03-06T02:37:04","guid":{"rendered":"http:\/\/www.leyendasrestaurant.com\/eat\/?page_id=1129"},"modified":"2023-11-15T20:41:35","modified_gmt":"2023-11-15T20:41:35","slug":"leyendas-de-mexico","status":"publish","type":"page","link":"https:\/\/www.leyendasrestaurante.com\/comen\/","title":{"rendered":"Leyendas de Mexico"},"content":{"rendered":"\n\n\t\t\t\t\n\t\t\t\t<img src=\"http:\/\/www.leyendasrestaurante.com\/comen\/wp-content\/uploads\/2018\/03\/combo-logo-mascota-2.png\" alt=\"combo-logo-mascota-2\" itemprop=\"image\" title=\"combo-logo-mascota-2\" onerror=\"this.style.display='none'\"  \/>\n\t\t\t\t<a href=\"http:\/\/www.leyendasrestaurant.com\" target=\"_self\" itemprop=\"url\" rel=\"noopener\">\n\t\t\t\t<img src=\"http:\/\/www.leyendasrestaurante.com\/comen\/wp-content\/uploads\/2018\/03\/eng.png\" alt=\"eng\" itemprop=\"image\" title=\"eng\" onerror=\"this.style.display='none'\"  \/>\n\t\t\t\t<\/a>\n\t\t<h3><a href=\"http:\/\/www.leyendasrestaurant.com\" target=\"_self\" rel=\"noopener\"><\/a><\/h3>\t\t\n\t\t\t<p><a href=\"http:\/\/www.leyendasrestaurant.com\">English<\/a><\/p>\n\t<h1>CENA CASUAL<\/h1>\n<p>&nbsp;<\/p>\n<p>Disfrute de la deliciosa y aut\u00e9ntica comida mexicana mientras est\u00e1 rodeado de nuestra extensa colecci\u00f3n de arte que representa las leyendas y historia de M\u00e9xico. Una verdadera fiesta para la vista y para el est\u00f3mago. Visita nuestra <a href=\"http:\/\/www.leyendasrestaurante.com\/eat\/galeria\/\">galer\u00eda<\/a> para ver m\u00e1s.<\/p>\n<p><strong>No vendemos alcohol pero puede traer su propia bebidas\u00a0<\/strong><strong>alcoh\u00f3licas<\/strong><b> \u00a0&#8212; <\/b>solo\u00a0cerveza y vino.<\/p>\n\t<h3><a href=\"http:\/\/www.leyendasrestaurante.com\/comen\/menu\/\">Menu<\/a><\/h3>\n\t<h3><a href=\"http:\/\/www.leyendasrestaurante.com\/comen\/catering\">Catering<\/a><\/h3>\n\t<h3><a href=\"https:\/\/www.yelp.com\/biz\/leyendas-de-mexico-parsippany-troy-hills\" target=\"_blank\" rel=\"noopener\">Opiniones<\/a><\/h3>\n\t<h3><a href=\"http:\/\/www.leyendasrestaurante.com\/comen\/galeria\/\">Galer\u00eda<\/a><\/h3>\n\t<h3><div class=\"erm-menu erm-menu-container erm-menu-1589 erm-thumb-show erm-align-left erm-rows-expanded erm-sections-expanded erm-items- erm-prices-multiline\"><div class=\"menu-row menu-item-1591 row-expanded row-closed row-index-1 row-num-columns-1 row-type-columns-a \">\n    <h2 class=\"menu-row-title\">Especiales de Almuerzo<\/h2>    <div class=\"menu-row-content\">\n    <div class=\"menu-item-content-desc menu-type-row\"><p><span style=\"caret-color: rgb(ffffff); color: #ffffff); font-family: -webkit-standard; font-size: medium;\">Preguntan los especiales de almuerzo<\/span><\/p>\n\n<h6><a href=\"http:\/\/www.leyendasrestaurant.com\/eat\/menu\/\">Ver el men&uacute; completo<\/a><\/h6>\n<\/div>\n\n<\/div>\n\n\n<div class=\"menu-column erm-column  col-index-1 menu-item-1592\">\n\n        <div class=\"menu-col-content\"><div class=\"menu-item-content-desc menu-type-column\"><\/div>\n<\/div>\n\n\n\n\n\n\n\n\n<div class=\"menu-section menu-item-1593 section-expanded section-closed\">\n\n\n        <div class=\"menu-section-content\"><div class=\"menu-item-content-desc menu-type-section\"><\/div>\n<\/div>\n\n\n<\/div>\n<\/div>\n<\/div>\n<\/div><\/h3>\n\t<h4>Lo Recomiendo<\/h4>\n<p>Muy rica su comida esas quesadillas buen\u00edsimas y el caldo de marisco lo recomiendo<\/p>\n\t<h4>Muy Rica La Comida!<\/h4>\n<p>Muy rica la comida las fajitas buenisimas buen sabor y el postre de manzana masssssss<\/p>\n\t<h4>Esta Buen\u00edsimo<\/h4>\n<p>Muy rico el churrasco esta buen\u00edsimo<\/p>\n\t\t\t\t<img src=\"http:\/\/www.leyendasrestaurant.com\/eat\/wp-content\/uploads\/2018\/03\/mascota-small.png\" alt=\"mascota-small\" itemprop=\"image\" title=\"mascota-small\" onerror=\"this.style.display='none'\"  \/>\n<table>\n<colgroup>\n<col \/>\n<col \/> <\/colgroup>\n<tbody>\n<tr>\n<td>Lunes &#8211; Domingo<\/td>\n<td>7:30 am &#8211; 10:00 pm<\/td>\n<\/tr>\n<tr>\n\n\n<\/tr>\n<tr>\n\n\n<\/tr>\n<\/tbody>\n<\/table>\n\t<h4>Siguenos!<\/h4>\n<p>Pueden seguir Leyendas de Mexico en Facebook y Yelp. Las noticias y ofertas especiales se anuncian en estas plataformas.<\/p>\n\t<p>ESTE SITIO ES UNA\u00a0<strong><a href=\"https:\/\/www.elixware.com\">elixware<\/a><\/strong> SOLUCI\u00f3N<\/p>\n<p>&nbsp;<\/p>\n\n","protected":false},"excerpt":{"rendered":"<p>Bistec ranchero con arroz y frijoles more $10.00<\/p>\n","protected":false},"author":1,"featured_media":0,"parent":0,"menu_order":0,"comment_status":"closed","ping_status":"closed","template":"","meta":[],"_links":{"self":[{"href":"https:\/\/www.leyendasrestaurante.com\/comen\/wp-json\/wp\/v2\/pages\/1129"}],"collection":[{"href":"https:\/\/www.leyendasrestaurante.com\/comen\/wp-json\/wp\/v2\/pages"}],"about":[{"href":"https:\/\/www.leyendasrestaurante.com\/comen\/wp-json\/wp\/v2\/types\/page"}],"author":[{"embeddable":true,"href":"https:\/\/www.leyendasrestaurante.com\/comen\/wp-json\/wp\/v2\/users\/1"}],"replies":[{"embeddable":true,"href":"https:\/\/www.leyendasrestaurante.com\/comen\/wp-json\/wp\/v2\/comments?post=1129"}],"version-history":[{"count":42,"href":"https:\/\/www.leyendasrestaurante.com\/comen\/wp-json\/wp\/v2\/pages\/1129\/revisions"}],"predecessor-version":[{"id":2020,"href":"https:\/\/www.leyendasrestaurante.com\/comen\/wp-json\/wp\/v2\/pages\/1129\/revisions\/2020"}],"wp:attachment":[{"href":"https:\/\/www.leyendasrestaurante.com\/comen\/wp-json\/wp\/v2\/media?parent=1129"}],"curies":[{"name":"wp","href":"https:\/\/api.w.org\/{rel}","templated":true}]}}